{"id":1265,"date":"2024-02-02T20:22:15","date_gmt":"2024-02-02T20:22:15","guid":{"rendered":"https:\/\/ashishvijay.com\/?page_id=1265"},"modified":"2024-02-04T17:18:38","modified_gmt":"2024-02-04T17:18:38","slug":"diamond-jeweller-in-dubai","status":"publish","type":"page","link":"https:\/\/ashishvijay.com\/es\/diamond-jeweller-in-dubai\/","title":{"rendered":"Joyero de diamantes"},"content":{"rendered":"<div data-elementor-type=\"wp-page\" data-elementor-id=\"1265\" class=\"elementor elementor-1265\">\n\t\t\t\t\t\t<section class=\"elementor-section elementor-top-section elementor-element elementor-element-8db4b55 elementor-section-content-middle elementor-section-boxed elementor-section-height-default elementor-section-height-default\" data-id=\"8db4b55\" data-element_type=\"section\" data-e-type=\"section\" data-settings=\"{&quot;background_background&quot;:&quot;classic&quot;}\">\n\t\t\t\t\t\t\t<div class=\"elementor-background-overlay\"><\/div>\n\t\t\t\t\t\t\t<div class=\"elementor-container elementor-column-gap-default\">\n\t\t\t\t\t<div class=\"elementor-column elementor-col-100 elementor-top-column elementor-element elementor-element-75fd4cc\" data-id=\"75fd4cc\" data-element_type=\"column\" data-e-type=\"column\">\n\t\t\t<div class=\"elementor-widget-wrap elementor-element-populated\">\n\t\t\t\t\t\t<div class=\"elementor-element elementor-element-d063325 elementor-invisible elementor-widget elementor-widget-heading\" data-id=\"d063325\" data-element_type=\"widget\" data-e-type=\"widget\" data-settings=\"{&quot;_animation&quot;:&quot;fadeInUp&quot;}\" data-widget_type=\"heading.default\">\n\t\t\t\t<div class=\"elementor-widget-container\">\n\t\t\t\t\t<h1 class=\"elementor-heading-title elementor-size-default\">Joyero de diamantes en Dubai<\/h1>\t\t\t\t<\/div>\n\t\t\t\t<\/div>\n\t\t\t\t<div class=\"elementor-element elementor-element-a460420 elementor-icon-list--layout-inline elementor-align-center elementor-tablet-align-center elementor-list-item-link-full_width elementor-widget elementor-widget-icon-list\" data-id=\"a460420\" data-element_type=\"widget\" data-e-type=\"widget\" data-widget_type=\"icon-list.default\">\n\t\t\t\t<div class=\"elementor-widget-container\">\n\t\t\t\t\t\t\t<ul class=\"elementor-icon-list-items elementor-inline-items\">\n\t\t\t\t\t\t\t<li class=\"elementor-icon-list-item elementor-inline-item\">\n\t\t\t\t\t\t\t\t\t\t\t<a href=\"https:\/\/ashishvijay.com\/es\/\">\n\n\t\t\t\t\t\t\t\t\t\t\t<span class=\"elementor-icon-list-text\">Hogar<\/span>\n\t\t\t\t\t\t\t\t\t\t\t<\/a>\n\t\t\t\t\t\t\t\t\t<\/li>\n\t\t\t\t\t\t\t\t<li class=\"elementor-icon-list-item elementor-inline-item\">\n\t\t\t\t\t\t\t\t\t\t<span class=\"elementor-icon-list-text\">\/<\/span>\n\t\t\t\t\t\t\t\t\t<\/li>\n\t\t\t\t\t\t\t\t<li class=\"elementor-icon-list-item elementor-inline-item\">\n\t\t\t\t\t\t\t\t\t\t<span class=\"elementor-icon-list-text\">Joyero de diamantes<\/span>\n\t\t\t\t\t\t\t\t\t<\/li>\n\t\t\t\t\t\t<\/ul>\n\t\t\t\t\t\t<\/div>\n\t\t\t\t<\/div>\n\t\t\t\t\t<\/div>\n\t\t<\/div>\n\t\t\t\t\t<\/div>\n\t\t<\/section>\n\t\t<div class=\"elementor-element elementor-element-8329b94 e-flex e-con-boxed e-con e-parent\" data-id=\"8329b94\" data-element_type=\"container\" data-e-type=\"container\">\n\t\t\t\t\t<div class=\"e-con-inner\">\n\t\t<div class=\"elementor-element elementor-element-a8a40ce e-con-full e-flex e-con e-child\" data-id=\"a8a40ce\" data-element_type=\"container\" data-e-type=\"container\">\n\t\t\t\t<div class=\"elementor-element elementor-element-9b77c0f elementor-widget elementor-widget-image\" data-id=\"9b77c0f\" data-element_type=\"widget\" data-e-type=\"widget\" data-widget_type=\"image.default\">\n\t\t\t\t<div class=\"elementor-widget-container\">\n\t\t\t\t\t\t\t\t\t\t\t\t\t\t\t<img fetchpriority=\"high\" decoding=\"async\" width=\"530\" height=\"796\" src=\"https:\/\/ashishvijay.com\/wp-content\/uploads\/2024\/01\/aboutus-person-img.png\" class=\"attachment-large size-large wp-image-153\" alt=\"Ashish vijay\" srcset=\"https:\/\/ashishvijay.com\/wp-content\/uploads\/2024\/01\/aboutus-person-img.png 530w, https:\/\/ashishvijay.com\/wp-content\/uploads\/2024\/01\/aboutus-person-img-200x300.png 200w\" sizes=\"(max-width: 530px) 100vw, 530px\" \/>\t\t\t\t\t\t\t\t\t\t\t\t\t\t\t<\/div>\n\t\t\t\t<\/div>\n\t\t\t\t<\/div>\n\t\t<div class=\"elementor-element elementor-element-6af8d52 e-con-full e-flex e-con e-child\" data-id=\"6af8d52\" data-element_type=\"container\" data-e-type=\"container\">\n\t\t\t\t<div class=\"elementor-element elementor-element-810ced8 elementor-widget elementor-widget-heading\" data-id=\"810ced8\" data-element_type=\"widget\" data-e-type=\"widget\" data-widget_type=\"heading.default\">\n\t\t\t\t<div class=\"elementor-widget-container\">\n\t\t\t\t\t<h2 class=\"elementor-heading-title elementor-size-default\">Ashish Vijay: una joya en la industria del diamante de Dubai<\/h2>\t\t\t\t<\/div>\n\t\t\t\t<\/div>\n\t\t\t\t<div class=\"elementor-element elementor-element-0974156 elementor-widget elementor-widget-text-editor\" data-id=\"0974156\" data-element_type=\"widget\" data-e-type=\"widget\" data-widget_type=\"text-editor.default\">\n\t\t\t\t<div class=\"elementor-widget-container\">\n\t\t\t\t\t\t\t\t\t<p>Dubai es famosa por su lujo y hermosas joyas. Personas de todo el mundo vienen a Dubai para comprar joyas hermosas y originales. Las joyas de diamantes ocupan el primer lugar entre todos los productos de joyer\u00eda. Hablando de joyas de diamantes, <a href=\"https:\/\/ashishvijay.com\/es\/about-ashish-vijay\/\">Sr. Ashish Vijay<\/a> es el mejor joyero de diamantes de Dubai.<\/p><p>Naci\u00f3 y creci\u00f3 en la India. Pertenece a una familia jainista; su padre, Kamal Chand Jain, tambi\u00e9n era joyero y su trayectoria en el negocio de los diamantes comenz\u00f3 a una edad temprana. Su familia ha estado involucrada en este negocio durante generaciones. Ashish Vijay hereda el rico legado de su familia. Hace d\u00e9cadas, el Sr. Ashish Vijay decidi\u00f3 establecer su negocio en una de las ciudades comerciales m\u00e1s importantes del mundo, llamada Dubai. Esa decisi\u00f3n de este sorprendente y perspicaz hombre de negocios fue la m\u00e1s grande de su vida. Con esa decisi\u00f3n, logr\u00f3 el \u00e9xito muy r\u00e1pidamente y, debido a su gran sentido comercial, el crecimiento de su negocio fue muy r\u00e1pido y sus conexiones comerciales comenzaron a construirse muy r\u00e1pidamente.<\/p><p>Ashish Vijay tiene d\u00e9cadas de experiencia y un largo legado en el mercado de la joyer\u00eda de diamantes. En este art\u00edculo, analizaremos c\u00f3mo el Sr. Ashish Vijay se gan\u00f3 la confianza, los clientes y el respeto en este negocio.<\/p>\t\t\t\t\t\t\t\t<\/div>\n\t\t\t\t<\/div>\n\t\t\t\t<\/div>\n\t\t\t\t\t<\/div>\n\t\t\t\t<\/div>\n\t\t<div class=\"elementor-element elementor-element-f0c30cf e-flex e-con-boxed e-con e-parent\" data-id=\"f0c30cf\" data-element_type=\"container\" data-e-type=\"container\">\n\t\t\t\t\t<div class=\"e-con-inner\">\n\t\t<div class=\"elementor-element elementor-element-8ac971e e-con-full e-flex e-con e-child\" data-id=\"8ac971e\" data-element_type=\"container\" data-e-type=\"container\">\n\t\t\t\t<div class=\"elementor-element elementor-element-d24bcd8 elementor-hidden-desktop elementor-hidden-tablet elementor-widget elementor-widget-image\" data-id=\"d24bcd8\" data-element_type=\"widget\" data-e-type=\"widget\" data-widget_type=\"image.default\">\n\t\t\t\t<div class=\"elementor-widget-container\">\n\t\t\t\t\t\t\t\t\t\t\t\t\t\t\t<img decoding=\"async\" width=\"683\" height=\"1024\" src=\"https:\/\/ashishvijay.com\/wp-content\/uploads\/2024\/01\/1690567687608-683x1024.jpeg\" class=\"attachment-large size-large wp-image-239\" alt=\"Ashish vijay\" srcset=\"https:\/\/ashishvijay.com\/wp-content\/uploads\/2024\/01\/1690567687608-683x1024.jpeg 683w, https:\/\/ashishvijay.com\/wp-content\/uploads\/2024\/01\/1690567687608-200x300.jpeg 200w, https:\/\/ashishvijay.com\/wp-content\/uploads\/2024\/01\/1690567687608-768x1152.jpeg 768w, https:\/\/ashishvijay.com\/wp-content\/uploads\/2024\/01\/1690567687608-1024x1536.jpeg 1024w, https:\/\/ashishvijay.com\/wp-content\/uploads\/2024\/01\/1690567687608.jpeg 1280w\" sizes=\"(max-width: 683px) 100vw, 683px\" \/>\t\t\t\t\t\t\t\t\t\t\t\t\t\t\t<\/div>\n\t\t\t\t<\/div>\n\t\t\t\t<div class=\"elementor-element elementor-element-d9c3a64 elementor-widget elementor-widget-heading\" data-id=\"d9c3a64\" data-element_type=\"widget\" data-e-type=\"widget\" data-widget_type=\"heading.default\">\n\t\t\t\t<div class=\"elementor-widget-container\">\n\t\t\t\t\t<h2 class=\"elementor-heading-title elementor-size-default\">Honestidad<\/h2>\t\t\t\t<\/div>\n\t\t\t\t<\/div>\n\t\t\t\t<div class=\"elementor-element elementor-element-57b5f43 elementor-widget elementor-widget-text-editor\" data-id=\"57b5f43\" data-element_type=\"widget\" data-e-type=\"widget\" data-widget_type=\"text-editor.default\">\n\t\t\t\t<div class=\"elementor-widget-container\">\n\t\t\t\t\t\t\t\t\t<p>La honestidad es la clave del \u00e9xito; la honestidad es algo que no se puede comprar con dinero y, gracias a su honestidad, el Sr. Ashish Vijay se ha ganado mucha confianza en el mercado de joyer\u00eda de diamantes de Dubai. Gracias a su honestidad y dedicaci\u00f3n a su trabajo, se ha convertido en el joyero de diamantes mejor valorado de Dub\u00e1i. La gente conf\u00eda en \u00e9l cuando quiere comprar cualquier tipo de joyer\u00eda de diamantes. Ashish Vijay obtiene diamantes de la mejor calidad de diferentes partes del mundo para sus clientes a buenos precios. Proporciona a sus clientes joyas originales y elegantes, y es por eso que ha creado una importante base de clientes en todo Dubai, Emiratos \u00c1rabes Unidos.<\/p>\t\t\t\t\t\t\t\t<\/div>\n\t\t\t\t<\/div>\n\t\t\t\t<div class=\"elementor-element elementor-element-63afcad elementor-widget elementor-widget-heading\" data-id=\"63afcad\" data-element_type=\"widget\" data-e-type=\"widget\" data-widget_type=\"heading.default\">\n\t\t\t\t<div class=\"elementor-widget-container\">\n\t\t\t\t\t<h2 class=\"elementor-heading-title elementor-size-default\">Trabajo duro<\/h2>\t\t\t\t<\/div>\n\t\t\t\t<\/div>\n\t\t\t\t<div class=\"elementor-element elementor-element-446e8c1 elementor-widget elementor-widget-text-editor\" data-id=\"446e8c1\" data-element_type=\"widget\" data-e-type=\"widget\" data-widget_type=\"text-editor.default\">\n\t\t\t\t<div class=\"elementor-widget-container\">\n\t\t\t\t\t\t\t\t\t<p>Ashish Vijay ha trabajado d\u00eda tras d\u00eda para convertirse en el principal joyero de diamantes de Dub\u00e1i. Este hombre cree que el trabajo duro es la forma m\u00e1s importante de lograr el \u00e9xito. Conoce la importancia y el valor de sus clientes, por lo que sigue trabajando duro para ellos y obtiene productos de diamantes originales de alta calidad de diferentes partes del mundo.<\/p>\t\t\t\t\t\t\t\t<\/div>\n\t\t\t\t<\/div>\n\t\t\t\t<\/div>\n\t\t<div class=\"elementor-element elementor-element-bda04f8 e-con-full e-flex e-con e-child\" data-id=\"bda04f8\" data-element_type=\"container\" data-e-type=\"container\">\n\t\t\t\t<div class=\"elementor-element elementor-element-9d1aecd elementor-hidden-mobile elementor-widget elementor-widget-image\" data-id=\"9d1aecd\" data-element_type=\"widget\" data-e-type=\"widget\" data-widget_type=\"image.default\">\n\t\t\t\t<div class=\"elementor-widget-container\">\n\t\t\t\t\t\t\t\t\t\t\t\t\t\t\t<img decoding=\"async\" width=\"683\" height=\"1024\" src=\"https:\/\/ashishvijay.com\/wp-content\/uploads\/2024\/01\/1690567687608-683x1024.jpeg\" class=\"attachment-large size-large wp-image-239\" alt=\"Ashish vijay\" srcset=\"https:\/\/ashishvijay.com\/wp-content\/uploads\/2024\/01\/1690567687608-683x1024.jpeg 683w, https:\/\/ashishvijay.com\/wp-content\/uploads\/2024\/01\/1690567687608-200x300.jpeg 200w, https:\/\/ashishvijay.com\/wp-content\/uploads\/2024\/01\/1690567687608-768x1152.jpeg 768w, https:\/\/ashishvijay.com\/wp-content\/uploads\/2024\/01\/1690567687608-1024x1536.jpeg 1024w, https:\/\/ashishvijay.com\/wp-content\/uploads\/2024\/01\/1690567687608.jpeg 1280w\" sizes=\"(max-width: 683px) 100vw, 683px\" \/>\t\t\t\t\t\t\t\t\t\t\t\t\t\t\t<\/div>\n\t\t\t\t<\/div>\n\t\t\t\t<\/div>\n\t\t\t\t\t<\/div>\n\t\t\t\t<\/div>\n\t\t<div class=\"elementor-element elementor-element-d2a7f78 e-flex e-con-boxed e-con e-parent\" data-id=\"d2a7f78\" data-element_type=\"container\" data-e-type=\"container\">\n\t\t\t\t\t<div class=\"e-con-inner\">\n\t\t<div class=\"elementor-element elementor-element-2b5cd30 e-con-full e-flex e-con e-child\" data-id=\"2b5cd30\" data-element_type=\"container\" data-e-type=\"container\">\n\t\t\t\t<div class=\"elementor-element elementor-element-6fa88b2 elementor-widget elementor-widget-image\" data-id=\"6fa88b2\" data-element_type=\"widget\" data-e-type=\"widget\" data-widget_type=\"image.default\">\n\t\t\t\t<div class=\"elementor-widget-container\">\n\t\t\t\t\t\t\t\t\t\t\t\t\t\t\t<img decoding=\"async\" width=\"694\" height=\"1024\" src=\"https:\/\/ashishvijay.com\/wp-content\/uploads\/2024\/02\/DSC_5858-694x1024.jpg\" class=\"attachment-large size-large wp-image-1278\" alt=\"Ashish vijay\" srcset=\"https:\/\/ashishvijay.com\/wp-content\/uploads\/2024\/02\/DSC_5858-694x1024.jpg 694w, https:\/\/ashishvijay.com\/wp-content\/uploads\/2024\/02\/DSC_5858-203x300.jpg 203w, https:\/\/ashishvijay.com\/wp-content\/uploads\/2024\/02\/DSC_5858-768x1133.jpg 768w, https:\/\/ashishvijay.com\/wp-content\/uploads\/2024\/02\/DSC_5858-1042x1536.jpg 1042w, https:\/\/ashishvijay.com\/wp-content\/uploads\/2024\/02\/DSC_5858.jpg 1302w\" sizes=\"(max-width: 694px) 100vw, 694px\" \/>\t\t\t\t\t\t\t\t\t\t\t\t\t\t\t<\/div>\n\t\t\t\t<\/div>\n\t\t\t\t<\/div>\n\t\t<div class=\"elementor-element elementor-element-8b1cf0e e-con-full e-flex e-con e-child\" data-id=\"8b1cf0e\" data-element_type=\"container\" data-e-type=\"container\">\n\t\t\t\t<div class=\"elementor-element elementor-element-a89be20 elementor-widget elementor-widget-heading\" data-id=\"a89be20\" data-element_type=\"widget\" data-e-type=\"widget\" data-widget_type=\"heading.default\">\n\t\t\t\t<div class=\"elementor-widget-container\">\n\t\t\t\t\t<h2 class=\"elementor-heading-title elementor-size-default\">Productos de alta calidad<\/h2>\t\t\t\t<\/div>\n\t\t\t\t<\/div>\n\t\t\t\t<div class=\"elementor-element elementor-element-0174e22 elementor-widget elementor-widget-text-editor\" data-id=\"0174e22\" data-element_type=\"widget\" data-e-type=\"widget\" data-widget_type=\"text-editor.default\">\n\t\t\t\t<div class=\"elementor-widget-container\">\n\t\t\t\t\t\t\t\t\t<p>Ashish Vijay cree en brindar las mejores joyas de diamantes a sus clientes y realmente cree que la confianza de los clientes en usted es lo m\u00e1s valioso y preciado en cualquier tipo de negocio. Se ocupa de algunos diamantes rojos y azules de calidad especial que no se pueden encontrar f\u00e1cilmente. Adem\u00e1s, se dedica a anillos, brazaletes y collares de diamantes de primera calidad. Si alguien quiere joyas de diamantes sofisticadas y de alta calidad en l\u00ednea en Dubai, deber\u00eda optar por las marcas de joyer\u00eda de Ashish Vijay.<\/p>\t\t\t\t\t\t\t\t<\/div>\n\t\t\t\t<\/div>\n\t\t\t\t<div class=\"elementor-element elementor-element-81f0294 elementor-widget elementor-widget-heading\" data-id=\"81f0294\" data-element_type=\"widget\" data-e-type=\"widget\" data-widget_type=\"heading.default\">\n\t\t\t\t<div class=\"elementor-widget-container\">\n\t\t\t\t\t<h2 class=\"elementor-heading-title elementor-size-default\">Negocio en expansi\u00f3n<\/h2>\t\t\t\t<\/div>\n\t\t\t\t<\/div>\n\t\t\t\t<div class=\"elementor-element elementor-element-b6e25ad elementor-widget elementor-widget-text-editor\" data-id=\"b6e25ad\" data-element_type=\"widget\" data-e-type=\"widget\" data-widget_type=\"text-editor.default\">\n\t\t\t\t<div class=\"elementor-widget-container\">\n\t\t\t\t\t\t\t\t\t<p>El negocio del se\u00f1or Ashish Vijay se est\u00e1 expandiendo muy r\u00e1pidamente. Su primera marca conocida fue Tiara, pero ahora sus otros negocios han llamado la atenci\u00f3n de mucha gente, incluida una marca de joyer\u00eda llamada Meraki y 103 Jain Jewelers. Es due\u00f1o de una marca de subasta y licitaci\u00f3n llamada <a href=\"https:\/\/avglobale.com\/\">AV Global<\/a>, que se va haciendo famoso d\u00eda a d\u00eda. Tambi\u00e9n dirige una ONG llamada Bliss Foundation para que el pueblo de la India haga la vida m\u00e1s f\u00e1cil a quienes necesitan ayuda de quienes puedan ayudarlos financiera y moralmente.<\/p>\t\t\t\t\t\t\t\t<\/div>\n\t\t\t\t<\/div>\n\t\t\t\t<\/div>\n\t\t\t\t\t<\/div>\n\t\t\t\t<\/div>\n\t\t\t\t<\/div>","protected":false},"excerpt":{"rendered":"<p>Diamond Jeweller in Dubai Home \/ Diamond Jeweller Ashish Vijay: A Gem in Dubai`s Diamond Industry Dubai is famous for its luxury and beautiful jewellery. People from all over the world come to Dubai to buy original and beautiful jewellery. Diamond jewellery stands at the top of all the jewellery products. Speaking of diamond jewellery, [&hellip;]<\/p>\n","protected":false},"author":1,"featured_media":0,"parent":0,"menu_order":0,"comment_status":"closed","ping_status":"closed","template":"","meta":{"two_page_speed":[],"footnotes":""},"class_list":["post-1265","page","type-page","status-publish","hentry"],"yoast_head":"<!-- This site is optimized with the Yoast SEO Premium plugin v23.2 (Yoast SEO v27.4) - https:\/\/yoast.com\/product\/yoast-seo-premium-wordpress\/ -->\n<title>Best Diamond Jeweller in Dubai | Most Trusted Diamond Jeweller in Dubai<\/title>\n<meta name=\"description\" content=\"We have a wide range of original and premium diamond jewellery in Dubai. The best diamond jewellery sets, diamond bangles, and diamond rings in Dubai\" \/>\n<meta name=\"robots\" content=\"index, follow, max-snippet:-1, max-image-preview:large, max-video-preview:-1\" \/>\n<link rel=\"canonical\" href=\"https:\/\/ashishvijay.com\/es\/diamond-jeweller-in-dubai\/\" \/>\n<meta property=\"og:locale\" content=\"es_ES\" \/>\n<meta property=\"og:type\" content=\"article\" \/>\n<meta property=\"og:title\" content=\"Best Diamond Jeweller in Dubai | Most Trusted Diamond Jeweller in Dubai\" \/>\n<meta property=\"og:description\" content=\"We have a wide range of original and premium diamond jewellery in Dubai. The best diamond jewellery sets, diamond bangles, and diamond rings in Dubai\" \/>\n<meta property=\"og:url\" content=\"https:\/\/ashishvijay.com\/es\/diamond-jeweller-in-dubai\/\" \/>\n<meta property=\"article:modified_time\" content=\"2024-02-04T17:18:38+00:00\" \/>\n<meta property=\"og:image\" content=\"https:\/\/ashishvijay.com\/wp-content\/uploads\/2024\/01\/AshishVijay-Website-logo.jpg\" \/>\n\t<meta property=\"og:image:width\" content=\"1920\" \/>\n\t<meta property=\"og:image:height\" content=\"1785\" \/>\n\t<meta property=\"og:image:type\" content=\"image\/jpeg\" \/>\n<meta name=\"twitter:card\" content=\"summary_large_image\" \/>\n<meta name=\"twitter:title\" content=\"Best Diamond Jeweller in Dubai | Most Trusted Diamond Jeweller in Dubai\" \/>\n<meta name=\"twitter:description\" content=\"We have a wide range of original and premium diamond jewellery in Dubai. The best diamond jewellery sets, diamond bangles, and diamond rings in Dubai\" \/>\n<meta name=\"twitter:image\" content=\"https:\/\/ashishvijay.com\/wp-content\/uploads\/2024\/01\/AshishVijay-Website-logo.jpg\" \/>\n<meta name=\"twitter:label1\" content=\"Tiempo de lectura\" \/>\n\t<meta name=\"twitter:data1\" content=\"4 minutos\" \/>\n<!-- \/ Yoast SEO Premium plugin. -->","yoast_head_json":{"title":"Best Diamond Jeweller in Dubai | Most Trusted Diamond Jeweller in Dubai","description":"We have a wide range of original and premium diamond jewellery in Dubai. The best diamond jewellery sets, diamond bangles, and diamond rings in Dubai","robots":{"index":"index","follow":"follow","max-snippet":"max-snippet:-1","max-image-preview":"max-image-preview:large","max-video-preview":"max-video-preview:-1"},"canonical":"https:\/\/ashishvijay.com\/es\/diamond-jeweller-in-dubai\/","og_locale":"es_ES","og_type":"article","og_title":"Best Diamond Jeweller in Dubai | Most Trusted Diamond Jeweller in Dubai","og_description":"We have a wide range of original and premium diamond jewellery in Dubai. The best diamond jewellery sets, diamond bangles, and diamond rings in Dubai","og_url":"https:\/\/ashishvijay.com\/es\/diamond-jeweller-in-dubai\/","article_modified_time":"2024-02-04T17:18:38+00:00","og_image":[{"width":1920,"height":1785,"url":"https:\/\/ashishvijay.com\/wp-content\/uploads\/2024\/01\/AshishVijay-Website-logo.jpg","type":"image\/jpeg"}],"twitter_card":"summary_large_image","twitter_title":"Best Diamond Jeweller in Dubai | Most Trusted Diamond Jeweller in Dubai","twitter_description":"We have a wide range of original and premium diamond jewellery in Dubai. The best diamond jewellery sets, diamond bangles, and diamond rings in Dubai","twitter_image":"https:\/\/ashishvijay.com\/wp-content\/uploads\/2024\/01\/AshishVijay-Website-logo.jpg","twitter_misc":{"Tiempo de lectura":"4 minutos"},"schema":{"@context":"https:\/\/schema.org","@graph":[{"@type":"WebPage","@id":"https:\/\/ashishvijay.com\/es\/diamond-jeweller-in-dubai\/","url":"https:\/\/ashishvijay.com\/es\/diamond-jeweller-in-dubai\/","name":"Best Diamond Jeweller in Dubai | Most Trusted Diamond Jeweller in Dubai","isPartOf":{"@id":"https:\/\/ashishvijay.com\/#website"},"primaryImageOfPage":{"@id":"https:\/\/ashishvijay.com\/es\/diamond-jeweller-in-dubai\/#primaryimage"},"image":{"@id":"https:\/\/ashishvijay.com\/es\/diamond-jeweller-in-dubai\/#primaryimage"},"thumbnailUrl":"https:\/\/ashishvijay.com\/wp-content\/uploads\/2024\/01\/aboutus-person-img.png","datePublished":"2024-02-02T20:22:15+00:00","dateModified":"2024-02-04T17:18:38+00:00","description":"We have a wide range of original and premium diamond jewellery in Dubai. The best diamond jewellery sets, diamond bangles, and diamond rings in Dubai","breadcrumb":{"@id":"https:\/\/ashishvijay.com\/es\/diamond-jeweller-in-dubai\/#breadcrumb"},"inLanguage":"es","potentialAction":[{"@type":"ReadAction","target":["https:\/\/ashishvijay.com\/es\/diamond-jeweller-in-dubai\/"]}]},{"@type":"ImageObject","inLanguage":"es","@id":"https:\/\/ashishvijay.com\/es\/diamond-jeweller-in-dubai\/#primaryimage","url":"https:\/\/ashishvijay.com\/wp-content\/uploads\/2024\/01\/aboutus-person-img.png","contentUrl":"https:\/\/ashishvijay.com\/wp-content\/uploads\/2024\/01\/aboutus-person-img.png"},{"@type":"BreadcrumbList","@id":"https:\/\/ashishvijay.com\/es\/diamond-jeweller-in-dubai\/#breadcrumb","itemListElement":[{"@type":"ListItem","position":1,"name":"Home","item":"https:\/\/ashishvijay.com\/"},{"@type":"ListItem","position":2,"name":"Diamond Jeweller"}]},{"@type":"WebSite","@id":"https:\/\/ashishvijay.com\/#website","url":"https:\/\/ashishvijay.com\/","name":"","description":"","potentialAction":[{"@type":"SearchAction","target":{"@type":"EntryPoint","urlTemplate":"https:\/\/ashishvijay.com\/?s={search_term_string}"},"query-input":{"@type":"PropertyValueSpecification","valueRequired":true,"valueName":"search_term_string"}}],"inLanguage":"es"}]}},"_links":{"self":[{"href":"https:\/\/ashishvijay.com\/es\/wp-json\/wp\/v2\/pages\/1265","targetHints":{"allow":["GET"]}}],"collection":[{"href":"https:\/\/ashishvijay.com\/es\/wp-json\/wp\/v2\/pages"}],"about":[{"href":"https:\/\/ashishvijay.com\/es\/wp-json\/wp\/v2\/types\/page"}],"author":[{"embeddable":true,"href":"https:\/\/ashishvijay.com\/es\/wp-json\/wp\/v2\/users\/1"}],"replies":[{"embeddable":true,"href":"https:\/\/ashishvijay.com\/es\/wp-json\/wp\/v2\/comments?post=1265"}],"version-history":[{"count":29,"href":"https:\/\/ashishvijay.com\/es\/wp-json\/wp\/v2\/pages\/1265\/revisions"}],"predecessor-version":[{"id":1468,"href":"https:\/\/ashishvijay.com\/es\/wp-json\/wp\/v2\/pages\/1265\/revisions\/1468"}],"wp:attachment":[{"href":"https:\/\/ashishvijay.com\/es\/wp-json\/wp\/v2\/media?parent=1265"}],"curies":[{"name":"wp","href":"https:\/\/api.w.org\/{rel}","templated":true}]}}