{"id":1265,"date":"2024-02-02T20:22:15","date_gmt":"2024-02-02T20:22:15","guid":{"rendered":"https:\/\/ashishvijay.com\/?page_id=1265"},"modified":"2024-02-04T17:18:38","modified_gmt":"2024-02-04T17:18:38","slug":"diamond-jeweller-in-dubai","status":"publish","type":"page","link":"https:\/\/ashishvijay.com\/pt\/diamond-jeweller-in-dubai\/","title":{"rendered":"Joalheiro de diamantes"},"content":{"rendered":"<div data-elementor-type=\"wp-page\" data-elementor-id=\"1265\" class=\"elementor elementor-1265\">\n\t\t\t\t\t\t<section class=\"elementor-section elementor-top-section elementor-element elementor-element-8db4b55 elementor-section-content-middle elementor-section-boxed elementor-section-height-default elementor-section-height-default\" data-id=\"8db4b55\" data-element_type=\"section\" data-e-type=\"section\" data-settings=\"{&quot;background_background&quot;:&quot;classic&quot;}\">\n\t\t\t\t\t\t\t<div class=\"elementor-background-overlay\"><\/div>\n\t\t\t\t\t\t\t<div class=\"elementor-container elementor-column-gap-default\">\n\t\t\t\t\t<div class=\"elementor-column elementor-col-100 elementor-top-column elementor-element elementor-element-75fd4cc\" data-id=\"75fd4cc\" data-element_type=\"column\" data-e-type=\"column\">\n\t\t\t<div class=\"elementor-widget-wrap elementor-element-populated\">\n\t\t\t\t\t\t<div class=\"elementor-element elementor-element-d063325 elementor-invisible elementor-widget elementor-widget-heading\" data-id=\"d063325\" data-element_type=\"widget\" data-e-type=\"widget\" data-settings=\"{&quot;_animation&quot;:&quot;fadeInUp&quot;}\" data-widget_type=\"heading.default\">\n\t\t\t\t<div class=\"elementor-widget-container\">\n\t\t\t\t\t<h1 class=\"elementor-heading-title elementor-size-default\">Joalheiro de diamantes em Dubai<\/h1>\t\t\t\t<\/div>\n\t\t\t\t<\/div>\n\t\t\t\t<div class=\"elementor-element elementor-element-a460420 elementor-icon-list--layout-inline elementor-align-center elementor-tablet-align-center elementor-list-item-link-full_width elementor-widget elementor-widget-icon-list\" data-id=\"a460420\" data-element_type=\"widget\" data-e-type=\"widget\" data-widget_type=\"icon-list.default\">\n\t\t\t\t<div class=\"elementor-widget-container\">\n\t\t\t\t\t\t\t<ul class=\"elementor-icon-list-items elementor-inline-items\">\n\t\t\t\t\t\t\t<li class=\"elementor-icon-list-item elementor-inline-item\">\n\t\t\t\t\t\t\t\t\t\t\t<a href=\"https:\/\/ashishvijay.com\/pt\/\">\n\n\t\t\t\t\t\t\t\t\t\t\t<span class=\"elementor-icon-list-text\">Lar<\/span>\n\t\t\t\t\t\t\t\t\t\t\t<\/a>\n\t\t\t\t\t\t\t\t\t<\/li>\n\t\t\t\t\t\t\t\t<li class=\"elementor-icon-list-item elementor-inline-item\">\n\t\t\t\t\t\t\t\t\t\t<span class=\"elementor-icon-list-text\">\/<\/span>\n\t\t\t\t\t\t\t\t\t<\/li>\n\t\t\t\t\t\t\t\t<li class=\"elementor-icon-list-item elementor-inline-item\">\n\t\t\t\t\t\t\t\t\t\t<span class=\"elementor-icon-list-text\">Joalheiro de diamantes<\/span>\n\t\t\t\t\t\t\t\t\t<\/li>\n\t\t\t\t\t\t<\/ul>\n\t\t\t\t\t\t<\/div>\n\t\t\t\t<\/div>\n\t\t\t\t\t<\/div>\n\t\t<\/div>\n\t\t\t\t\t<\/div>\n\t\t<\/section>\n\t\t<div class=\"elementor-element elementor-element-8329b94 e-flex e-con-boxed e-con e-parent\" data-id=\"8329b94\" data-element_type=\"container\" data-e-type=\"container\">\n\t\t\t\t\t<div class=\"e-con-inner\">\n\t\t<div class=\"elementor-element elementor-element-a8a40ce e-con-full e-flex e-con e-child\" data-id=\"a8a40ce\" data-element_type=\"container\" data-e-type=\"container\">\n\t\t\t\t<div class=\"elementor-element elementor-element-9b77c0f elementor-widget elementor-widget-image\" data-id=\"9b77c0f\" data-element_type=\"widget\" data-e-type=\"widget\" data-widget_type=\"image.default\">\n\t\t\t\t<div class=\"elementor-widget-container\">\n\t\t\t\t\t\t\t\t\t\t\t\t\t\t\t<img fetchpriority=\"high\" decoding=\"async\" width=\"530\" height=\"796\" src=\"https:\/\/ashishvijay.com\/wp-content\/uploads\/2024\/01\/aboutus-person-img.png\" class=\"attachment-large size-large wp-image-153\" alt=\"Ashish vijay\" srcset=\"https:\/\/ashishvijay.com\/wp-content\/uploads\/2024\/01\/aboutus-person-img.png 530w, https:\/\/ashishvijay.com\/wp-content\/uploads\/2024\/01\/aboutus-person-img-200x300.png 200w\" sizes=\"(max-width: 530px) 100vw, 530px\" \/>\t\t\t\t\t\t\t\t\t\t\t\t\t\t\t<\/div>\n\t\t\t\t<\/div>\n\t\t\t\t<\/div>\n\t\t<div class=\"elementor-element elementor-element-6af8d52 e-con-full e-flex e-con e-child\" data-id=\"6af8d52\" data-element_type=\"container\" data-e-type=\"container\">\n\t\t\t\t<div class=\"elementor-element elementor-element-810ced8 elementor-widget elementor-widget-heading\" data-id=\"810ced8\" data-element_type=\"widget\" data-e-type=\"widget\" data-widget_type=\"heading.default\">\n\t\t\t\t<div class=\"elementor-widget-container\">\n\t\t\t\t\t<h2 class=\"elementor-heading-title elementor-size-default\">Ashish Vijay: uma joia na ind\u00fastria de diamantes de Dubai<\/h2>\t\t\t\t<\/div>\n\t\t\t\t<\/div>\n\t\t\t\t<div class=\"elementor-element elementor-element-0974156 elementor-widget elementor-widget-text-editor\" data-id=\"0974156\" data-element_type=\"widget\" data-e-type=\"widget\" data-widget_type=\"text-editor.default\">\n\t\t\t\t<div class=\"elementor-widget-container\">\n\t\t\t\t\t\t\t\t\t<p>Dubai \u00e9 famosa por seu luxo e belas joias. Pessoas de todo o mundo v\u00eam a Dubai para comprar joias originais e bonitas. As joias com diamantes est\u00e3o no topo de todos os produtos de joalheria. Falando em joias com diamantes, <a href=\"https:\/\/ashishvijay.com\/pt\/about-ashish-vijay\/\">Senhor Ashish Vijay<\/a> \u00e9 o melhor joalheiro de diamantes de Dubai.<\/p><p>Ele nasceu e foi criado na \u00cdndia. Ele pertence a uma fam\u00edlia jainista; seu pai, Kamal Chand Jain, tamb\u00e9m era joalheiro, e sua jornada no neg\u00f3cio de diamantes come\u00e7ou muito cedo. Sua fam\u00edlia est\u00e1 envolvida neste neg\u00f3cio h\u00e1 gera\u00e7\u00f5es. Ashish Vijay est\u00e1 herdando o rico legado de sua fam\u00edlia. D\u00e9cadas atr\u00e1s, o Sr. Ashish Vijay decidiu instalar seu neg\u00f3cio em uma das cidades de neg\u00f3cios mais importantes do mundo, chamada Dubai. Essa decis\u00e3o deste empres\u00e1rio incr\u00edvel e perspicaz foi a maior de sua vida. Com essa decis\u00e3o, ele alcan\u00e7ou o sucesso muito rapidamente e, devido ao seu grande senso comercial, o crescimento de seu neg\u00f3cio tornou-se muito r\u00e1pido e suas conex\u00f5es comerciais come\u00e7aram a ser constru\u00eddas muito rapidamente.<\/p><p>Ashish Vijay tem d\u00e9cadas de experi\u00eancia e um longo legado no mercado de joias com diamantes. Neste artigo, discutiremos como o Sr. Ashish Vijay ganhou confian\u00e7a, clientes e respeito neste neg\u00f3cio.<\/p>\t\t\t\t\t\t\t\t<\/div>\n\t\t\t\t<\/div>\n\t\t\t\t<\/div>\n\t\t\t\t\t<\/div>\n\t\t\t\t<\/div>\n\t\t<div class=\"elementor-element elementor-element-f0c30cf e-flex e-con-boxed e-con e-parent\" data-id=\"f0c30cf\" data-element_type=\"container\" data-e-type=\"container\">\n\t\t\t\t\t<div class=\"e-con-inner\">\n\t\t<div class=\"elementor-element elementor-element-8ac971e e-con-full e-flex e-con e-child\" data-id=\"8ac971e\" data-element_type=\"container\" data-e-type=\"container\">\n\t\t\t\t<div class=\"elementor-element elementor-element-d24bcd8 elementor-hidden-desktop elementor-hidden-tablet elementor-widget elementor-widget-image\" data-id=\"d24bcd8\" data-element_type=\"widget\" data-e-type=\"widget\" data-widget_type=\"image.default\">\n\t\t\t\t<div class=\"elementor-widget-container\">\n\t\t\t\t\t\t\t\t\t\t\t\t\t\t\t<img decoding=\"async\" width=\"683\" height=\"1024\" src=\"https:\/\/ashishvijay.com\/wp-content\/uploads\/2024\/01\/1690567687608-683x1024.jpeg\" class=\"attachment-large size-large wp-image-239\" alt=\"Ashish vijay\" srcset=\"https:\/\/ashishvijay.com\/wp-content\/uploads\/2024\/01\/1690567687608-683x1024.jpeg 683w, https:\/\/ashishvijay.com\/wp-content\/uploads\/2024\/01\/1690567687608-200x300.jpeg 200w, https:\/\/ashishvijay.com\/wp-content\/uploads\/2024\/01\/1690567687608-768x1152.jpeg 768w, https:\/\/ashishvijay.com\/wp-content\/uploads\/2024\/01\/1690567687608-1024x1536.jpeg 1024w, https:\/\/ashishvijay.com\/wp-content\/uploads\/2024\/01\/1690567687608.jpeg 1280w\" sizes=\"(max-width: 683px) 100vw, 683px\" \/>\t\t\t\t\t\t\t\t\t\t\t\t\t\t\t<\/div>\n\t\t\t\t<\/div>\n\t\t\t\t<div class=\"elementor-element elementor-element-d9c3a64 elementor-widget elementor-widget-heading\" data-id=\"d9c3a64\" data-element_type=\"widget\" data-e-type=\"widget\" data-widget_type=\"heading.default\">\n\t\t\t\t<div class=\"elementor-widget-container\">\n\t\t\t\t\t<h2 class=\"elementor-heading-title elementor-size-default\">Honestidade<\/h2>\t\t\t\t<\/div>\n\t\t\t\t<\/div>\n\t\t\t\t<div class=\"elementor-element elementor-element-57b5f43 elementor-widget elementor-widget-text-editor\" data-id=\"57b5f43\" data-element_type=\"widget\" data-e-type=\"widget\" data-widget_type=\"text-editor.default\">\n\t\t\t\t<div class=\"elementor-widget-container\">\n\t\t\t\t\t\t\t\t\t<p>A honestidade \u00e9 a chave para o sucesso; honestidade \u00e9 algo que n\u00e3o pode ser comprado com dinheiro e, atrav\u00e9s de sua honestidade, o Sr. Ashish Vijay ganhou muita confian\u00e7a no mercado de joias com diamantes de Dubai. Atrav\u00e9s da sua honestidade e dedica\u00e7\u00e3o ao seu trabalho, ele tornou-se o joalheiro de diamantes mais conceituado do Dubai. As pessoas confiam nele sempre que querem comprar qualquer tipo de joia com diamantes. Ashish Vijay obt\u00e9m diamantes da melhor qualidade de diferentes partes do mundo para seus clientes a bons pre\u00e7os. Ele fornece aos seus clientes joias originais e elegantes, e \u00e9 por isso que construiu uma base de clientes consider\u00e1vel em todo Dubai, Emirados \u00c1rabes Unidos.<\/p>\t\t\t\t\t\t\t\t<\/div>\n\t\t\t\t<\/div>\n\t\t\t\t<div class=\"elementor-element elementor-element-63afcad elementor-widget elementor-widget-heading\" data-id=\"63afcad\" data-element_type=\"widget\" data-e-type=\"widget\" data-widget_type=\"heading.default\">\n\t\t\t\t<div class=\"elementor-widget-container\">\n\t\t\t\t\t<h2 class=\"elementor-heading-title elementor-size-default\">Trabalho duro<\/h2>\t\t\t\t<\/div>\n\t\t\t\t<\/div>\n\t\t\t\t<div class=\"elementor-element elementor-element-446e8c1 elementor-widget elementor-widget-text-editor\" data-id=\"446e8c1\" data-element_type=\"widget\" data-e-type=\"widget\" data-widget_type=\"text-editor.default\">\n\t\t\t\t<div class=\"elementor-widget-container\">\n\t\t\t\t\t\t\t\t\t<p>Ashish Vijay trabalhou dia ap\u00f3s dia para se tornar o principal joalheiro de diamantes de Dubai. Este homem acredita que o trabalho \u00e1rduo \u00e9 a forma mais importante de obter sucesso. Ele conhece a import\u00e2ncia e o valor de seus clientes, e \u00e9 por isso que continua trabalhando duro para eles e obt\u00e9m produtos diamantados originais de alta qualidade de diferentes partes do mundo.<\/p>\t\t\t\t\t\t\t\t<\/div>\n\t\t\t\t<\/div>\n\t\t\t\t<\/div>\n\t\t<div class=\"elementor-element elementor-element-bda04f8 e-con-full e-flex e-con e-child\" data-id=\"bda04f8\" data-element_type=\"container\" data-e-type=\"container\">\n\t\t\t\t<div class=\"elementor-element elementor-element-9d1aecd elementor-hidden-mobile elementor-widget elementor-widget-image\" data-id=\"9d1aecd\" data-element_type=\"widget\" data-e-type=\"widget\" data-widget_type=\"image.default\">\n\t\t\t\t<div class=\"elementor-widget-container\">\n\t\t\t\t\t\t\t\t\t\t\t\t\t\t\t<img decoding=\"async\" width=\"683\" height=\"1024\" src=\"https:\/\/ashishvijay.com\/wp-content\/uploads\/2024\/01\/1690567687608-683x1024.jpeg\" class=\"attachment-large size-large wp-image-239\" alt=\"Ashish vijay\" srcset=\"https:\/\/ashishvijay.com\/wp-content\/uploads\/2024\/01\/1690567687608-683x1024.jpeg 683w, https:\/\/ashishvijay.com\/wp-content\/uploads\/2024\/01\/1690567687608-200x300.jpeg 200w, https:\/\/ashishvijay.com\/wp-content\/uploads\/2024\/01\/1690567687608-768x1152.jpeg 768w, https:\/\/ashishvijay.com\/wp-content\/uploads\/2024\/01\/1690567687608-1024x1536.jpeg 1024w, https:\/\/ashishvijay.com\/wp-content\/uploads\/2024\/01\/1690567687608.jpeg 1280w\" sizes=\"(max-width: 683px) 100vw, 683px\" \/>\t\t\t\t\t\t\t\t\t\t\t\t\t\t\t<\/div>\n\t\t\t\t<\/div>\n\t\t\t\t<\/div>\n\t\t\t\t\t<\/div>\n\t\t\t\t<\/div>\n\t\t<div class=\"elementor-element elementor-element-d2a7f78 e-flex e-con-boxed e-con e-parent\" data-id=\"d2a7f78\" data-element_type=\"container\" data-e-type=\"container\">\n\t\t\t\t\t<div class=\"e-con-inner\">\n\t\t<div class=\"elementor-element elementor-element-2b5cd30 e-con-full e-flex e-con e-child\" data-id=\"2b5cd30\" data-element_type=\"container\" data-e-type=\"container\">\n\t\t\t\t<div class=\"elementor-element elementor-element-6fa88b2 elementor-widget elementor-widget-image\" data-id=\"6fa88b2\" data-element_type=\"widget\" data-e-type=\"widget\" data-widget_type=\"image.default\">\n\t\t\t\t<div class=\"elementor-widget-container\">\n\t\t\t\t\t\t\t\t\t\t\t\t\t\t\t<img decoding=\"async\" width=\"694\" height=\"1024\" src=\"https:\/\/ashishvijay.com\/wp-content\/uploads\/2024\/02\/DSC_5858-694x1024.jpg\" class=\"attachment-large size-large wp-image-1278\" alt=\"Ashish vijay\" srcset=\"https:\/\/ashishvijay.com\/wp-content\/uploads\/2024\/02\/DSC_5858-694x1024.jpg 694w, https:\/\/ashishvijay.com\/wp-content\/uploads\/2024\/02\/DSC_5858-203x300.jpg 203w, https:\/\/ashishvijay.com\/wp-content\/uploads\/2024\/02\/DSC_5858-768x1133.jpg 768w, https:\/\/ashishvijay.com\/wp-content\/uploads\/2024\/02\/DSC_5858-1042x1536.jpg 1042w, https:\/\/ashishvijay.com\/wp-content\/uploads\/2024\/02\/DSC_5858.jpg 1302w\" sizes=\"(max-width: 694px) 100vw, 694px\" \/>\t\t\t\t\t\t\t\t\t\t\t\t\t\t\t<\/div>\n\t\t\t\t<\/div>\n\t\t\t\t<\/div>\n\t\t<div class=\"elementor-element elementor-element-8b1cf0e e-con-full e-flex e-con e-child\" data-id=\"8b1cf0e\" data-element_type=\"container\" data-e-type=\"container\">\n\t\t\t\t<div class=\"elementor-element elementor-element-a89be20 elementor-widget elementor-widget-heading\" data-id=\"a89be20\" data-element_type=\"widget\" data-e-type=\"widget\" data-widget_type=\"heading.default\">\n\t\t\t\t<div class=\"elementor-widget-container\">\n\t\t\t\t\t<h2 class=\"elementor-heading-title elementor-size-default\">Produtos de alta qualidade<\/h2>\t\t\t\t<\/div>\n\t\t\t\t<\/div>\n\t\t\t\t<div class=\"elementor-element elementor-element-0174e22 elementor-widget elementor-widget-text-editor\" data-id=\"0174e22\" data-element_type=\"widget\" data-e-type=\"widget\" data-widget_type=\"text-editor.default\">\n\t\t\t\t<div class=\"elementor-widget-container\">\n\t\t\t\t\t\t\t\t\t<p>Ashish Vijay acredita em fornecer as melhores joias com diamantes aos seus clientes e realmente acredita que a confian\u00e7a dos clientes em voc\u00ea \u00e9 o que h\u00e1 de mais valioso e precioso em qualquer tipo de neg\u00f3cio. Ele negocia alguns diamantes vermelhos e azuis de qualidade especial que n\u00e3o podem ser encontrados facilmente. Al\u00e9m disso, ele negocia an\u00e9is, pulseiras e colares de diamantes de qualidade premium. Se algu\u00e9m deseja joias com diamantes sofisticadas e de alta qualidade online em Dubai, deve optar pelas marcas de joias de Ashish Vijay.<\/p>\t\t\t\t\t\t\t\t<\/div>\n\t\t\t\t<\/div>\n\t\t\t\t<div class=\"elementor-element elementor-element-81f0294 elementor-widget elementor-widget-heading\" data-id=\"81f0294\" data-element_type=\"widget\" data-e-type=\"widget\" data-widget_type=\"heading.default\">\n\t\t\t\t<div class=\"elementor-widget-container\">\n\t\t\t\t\t<h2 class=\"elementor-heading-title elementor-size-default\">Expans\u00e3o dos neg\u00f3cios<\/h2>\t\t\t\t<\/div>\n\t\t\t\t<\/div>\n\t\t\t\t<div class=\"elementor-element elementor-element-b6e25ad elementor-widget elementor-widget-text-editor\" data-id=\"b6e25ad\" data-element_type=\"widget\" data-e-type=\"widget\" data-widget_type=\"text-editor.default\">\n\t\t\t\t<div class=\"elementor-widget-container\">\n\t\t\t\t\t\t\t\t\t<p>Os neg\u00f3cios do Sr. Ashish Vijay est\u00e3o se expandindo muito rapidamente. Sua primeira marca conhecida foi a Tiara, mas agora seus outros neg\u00f3cios ganharam a aten\u00e7\u00e3o de muita gente, incluindo uma marca de joias chamada Meraki e 103 Jain Jewellers. Ele possui uma marca de leil\u00f5es e licita\u00e7\u00f5es chamada <a href=\"https:\/\/avglobale.com\/\">AV Global<\/a>, que est\u00e1 se tornando famoso a cada dia. Ele tamb\u00e9m dirige uma ONG chamada Bliss Foundation para o povo da \u00cdndia, para facilitar a vida daqueles que precisam da ajuda daqueles que podem ajud\u00e1-los financeira e moralmente.<\/p>\t\t\t\t\t\t\t\t<\/div>\n\t\t\t\t<\/div>\n\t\t\t\t<\/div>\n\t\t\t\t\t<\/div>\n\t\t\t\t<\/div>\n\t\t\t\t<\/div>","protected":false},"excerpt":{"rendered":"<p>Diamond Jeweller in Dubai Home \/ Diamond Jeweller Ashish Vijay: A Gem in Dubai`s Diamond Industry Dubai is famous for its luxury and beautiful jewellery. People from all over the world come to Dubai to buy original and beautiful jewellery. Diamond jewellery stands at the top of all the jewellery products. Speaking of diamond jewellery, [&hellip;]<\/p>\n","protected":false},"author":1,"featured_media":0,"parent":0,"menu_order":0,"comment_status":"closed","ping_status":"closed","template":"","meta":{"two_page_speed":[],"footnotes":""},"class_list":["post-1265","page","type-page","status-publish","hentry"],"yoast_head":"<!-- This site is optimized with the Yoast SEO Premium plugin v23.2 (Yoast SEO v27.4) - https:\/\/yoast.com\/product\/yoast-seo-premium-wordpress\/ -->\n<title>Best Diamond Jeweller in Dubai | Most Trusted Diamond Jeweller in Dubai<\/title>\n<meta name=\"description\" content=\"We have a wide range of original and premium diamond jewellery in Dubai. The best diamond jewellery sets, diamond bangles, and diamond rings in Dubai\" \/>\n<meta name=\"robots\" content=\"index, follow, max-snippet:-1, max-image-preview:large, max-video-preview:-1\" \/>\n<link rel=\"canonical\" href=\"https:\/\/ashishvijay.com\/pt\/diamond-jeweller-in-dubai\/\" \/>\n<meta property=\"og:locale\" content=\"pt_BR\" \/>\n<meta property=\"og:type\" content=\"article\" \/>\n<meta property=\"og:title\" content=\"Best Diamond Jeweller in Dubai | Most Trusted Diamond Jeweller in Dubai\" \/>\n<meta property=\"og:description\" content=\"We have a wide range of original and premium diamond jewellery in Dubai. The best diamond jewellery sets, diamond bangles, and diamond rings in Dubai\" \/>\n<meta property=\"og:url\" content=\"https:\/\/ashishvijay.com\/pt\/diamond-jeweller-in-dubai\/\" \/>\n<meta property=\"article:modified_time\" content=\"2024-02-04T17:18:38+00:00\" \/>\n<meta property=\"og:image\" content=\"https:\/\/ashishvijay.com\/wp-content\/uploads\/2024\/01\/AshishVijay-Website-logo.jpg\" \/>\n\t<meta property=\"og:image:width\" content=\"1920\" \/>\n\t<meta property=\"og:image:height\" content=\"1785\" \/>\n\t<meta property=\"og:image:type\" content=\"image\/jpeg\" \/>\n<meta name=\"twitter:card\" content=\"summary_large_image\" \/>\n<meta name=\"twitter:title\" content=\"Best Diamond Jeweller in Dubai | Most Trusted Diamond Jeweller in Dubai\" \/>\n<meta name=\"twitter:description\" content=\"We have a wide range of original and premium diamond jewellery in Dubai. The best diamond jewellery sets, diamond bangles, and diamond rings in Dubai\" \/>\n<meta name=\"twitter:image\" content=\"https:\/\/ashishvijay.com\/wp-content\/uploads\/2024\/01\/AshishVijay-Website-logo.jpg\" \/>\n<meta name=\"twitter:label1\" content=\"Est. tempo de leitura\" \/>\n\t<meta name=\"twitter:data1\" content=\"4 minutos\" \/>\n<!-- \/ Yoast SEO Premium plugin. -->","yoast_head_json":{"title":"Best Diamond Jeweller in Dubai | Most Trusted Diamond Jeweller in Dubai","description":"We have a wide range of original and premium diamond jewellery in Dubai. The best diamond jewellery sets, diamond bangles, and diamond rings in Dubai","robots":{"index":"index","follow":"follow","max-snippet":"max-snippet:-1","max-image-preview":"max-image-preview:large","max-video-preview":"max-video-preview:-1"},"canonical":"https:\/\/ashishvijay.com\/pt\/diamond-jeweller-in-dubai\/","og_locale":"pt_BR","og_type":"article","og_title":"Best Diamond Jeweller in Dubai | Most Trusted Diamond Jeweller in Dubai","og_description":"We have a wide range of original and premium diamond jewellery in Dubai. The best diamond jewellery sets, diamond bangles, and diamond rings in Dubai","og_url":"https:\/\/ashishvijay.com\/pt\/diamond-jeweller-in-dubai\/","article_modified_time":"2024-02-04T17:18:38+00:00","og_image":[{"width":1920,"height":1785,"url":"https:\/\/ashishvijay.com\/wp-content\/uploads\/2024\/01\/AshishVijay-Website-logo.jpg","type":"image\/jpeg"}],"twitter_card":"summary_large_image","twitter_title":"Best Diamond Jeweller in Dubai | Most Trusted Diamond Jeweller in Dubai","twitter_description":"We have a wide range of original and premium diamond jewellery in Dubai. The best diamond jewellery sets, diamond bangles, and diamond rings in Dubai","twitter_image":"https:\/\/ashishvijay.com\/wp-content\/uploads\/2024\/01\/AshishVijay-Website-logo.jpg","twitter_misc":{"Est. tempo de leitura":"4 minutos"},"schema":{"@context":"https:\/\/schema.org","@graph":[{"@type":"WebPage","@id":"https:\/\/ashishvijay.com\/es\/diamond-jeweller-in-dubai\/","url":"https:\/\/ashishvijay.com\/es\/diamond-jeweller-in-dubai\/","name":"Best Diamond Jeweller in Dubai | Most Trusted Diamond Jeweller in Dubai","isPartOf":{"@id":"https:\/\/ashishvijay.com\/#website"},"primaryImageOfPage":{"@id":"https:\/\/ashishvijay.com\/es\/diamond-jeweller-in-dubai\/#primaryimage"},"image":{"@id":"https:\/\/ashishvijay.com\/es\/diamond-jeweller-in-dubai\/#primaryimage"},"thumbnailUrl":"https:\/\/ashishvijay.com\/wp-content\/uploads\/2024\/01\/aboutus-person-img.png","datePublished":"2024-02-02T20:22:15+00:00","dateModified":"2024-02-04T17:18:38+00:00","description":"We have a wide range of original and premium diamond jewellery in Dubai. The best diamond jewellery sets, diamond bangles, and diamond rings in Dubai","breadcrumb":{"@id":"https:\/\/ashishvijay.com\/es\/diamond-jeweller-in-dubai\/#breadcrumb"},"inLanguage":"pt-BR","potentialAction":[{"@type":"ReadAction","target":["https:\/\/ashishvijay.com\/es\/diamond-jeweller-in-dubai\/"]}]},{"@type":"ImageObject","inLanguage":"pt-BR","@id":"https:\/\/ashishvijay.com\/es\/diamond-jeweller-in-dubai\/#primaryimage","url":"https:\/\/ashishvijay.com\/wp-content\/uploads\/2024\/01\/aboutus-person-img.png","contentUrl":"https:\/\/ashishvijay.com\/wp-content\/uploads\/2024\/01\/aboutus-person-img.png"},{"@type":"BreadcrumbList","@id":"https:\/\/ashishvijay.com\/es\/diamond-jeweller-in-dubai\/#breadcrumb","itemListElement":[{"@type":"ListItem","position":1,"name":"Home","item":"https:\/\/ashishvijay.com\/"},{"@type":"ListItem","position":2,"name":"Diamond Jeweller"}]},{"@type":"WebSite","@id":"https:\/\/ashishvijay.com\/#website","url":"https:\/\/ashishvijay.com\/","name":"","description":"","potentialAction":[{"@type":"SearchAction","target":{"@type":"EntryPoint","urlTemplate":"https:\/\/ashishvijay.com\/?s={search_term_string}"},"query-input":{"@type":"PropertyValueSpecification","valueRequired":true,"valueName":"search_term_string"}}],"inLanguage":"pt-BR"}]}},"_links":{"self":[{"href":"https:\/\/ashishvijay.com\/pt\/wp-json\/wp\/v2\/pages\/1265","targetHints":{"allow":["GET"]}}],"collection":[{"href":"https:\/\/ashishvijay.com\/pt\/wp-json\/wp\/v2\/pages"}],"about":[{"href":"https:\/\/ashishvijay.com\/pt\/wp-json\/wp\/v2\/types\/page"}],"author":[{"embeddable":true,"href":"https:\/\/ashishvijay.com\/pt\/wp-json\/wp\/v2\/users\/1"}],"replies":[{"embeddable":true,"href":"https:\/\/ashishvijay.com\/pt\/wp-json\/wp\/v2\/comments?post=1265"}],"version-history":[{"count":29,"href":"https:\/\/ashishvijay.com\/pt\/wp-json\/wp\/v2\/pages\/1265\/revisions"}],"predecessor-version":[{"id":1468,"href":"https:\/\/ashishvijay.com\/pt\/wp-json\/wp\/v2\/pages\/1265\/revisions\/1468"}],"wp:attachment":[{"href":"https:\/\/ashishvijay.com\/pt\/wp-json\/wp\/v2\/media?parent=1265"}],"curies":[{"name":"wp","href":"https:\/\/api.w.org\/{rel}","templated":true}]}}