{"id":94,"date":"2024-01-22T21:08:28","date_gmt":"2024-01-22T21:08:28","guid":{"rendered":"https:\/\/ashishvijay.com\/?page_id=94"},"modified":"2026-03-24T16:50:55","modified_gmt":"2026-03-24T11:20:55","slug":"about-ashish-vijay","status":"publish","type":"page","link":"https:\/\/ashishvijay.com\/pt\/about-ashish-vijay\/","title":{"rendered":"About Ashish Vijay"},"content":{"rendered":"<div data-elementor-type=\"wp-page\" data-elementor-id=\"94\" class=\"elementor elementor-94\">\n\t\t\t\t<div class=\"elementor-element elementor-element-e033c42 e-flex e-con-boxed e-con e-parent\" data-id=\"e033c42\" data-element_type=\"container\" data-e-type=\"container\" data-settings=\"{&quot;background_background&quot;:&quot;classic&quot;}\">\n\t\t\t\t\t<div class=\"e-con-inner\">\n\t\t\t\t<div class=\"elementor-element elementor-element-3495434 elementor-widget-mobile__width-auto elementor-widget elementor-widget-text-editor\" data-id=\"3495434\" data-element_type=\"widget\" data-e-type=\"widget\" data-widget_type=\"text-editor.default\">\n\t\t\t\t<div class=\"elementor-widget-container\">\n\t\t\t\t\t\t\t\t\t<h2 style=\"font-family: 'sf-pro';\">Sobre AV<\/h2>\nA trailblazer in luxury, Ashish Vijay turns generational expertise into a global empire of gemstones and investments\t\t\t\t\t\t\t\t<\/div>\n\t\t\t\t<\/div>\n\t\t\t\t\t<\/div>\n\t\t\t\t<\/div>\n\t\t<div class=\"elementor-element elementor-element-dd33ad4 e-flex e-con-boxed e-con e-parent\" data-id=\"dd33ad4\" data-element_type=\"container\" data-e-type=\"container\" data-settings=\"{&quot;background_background&quot;:&quot;classic&quot;}\">\n\t\t\t\t\t<div class=\"e-con-inner\">\n\t\t<div class=\"elementor-element elementor-element-96963fd e-con-full e-flex e-con e-child\" data-id=\"96963fd\" data-element_type=\"container\" data-e-type=\"container\">\n\t\t<div class=\"elementor-element elementor-element-a709506 e-grid e-con-full e-con e-child\" data-id=\"a709506\" data-element_type=\"container\" data-e-type=\"container\">\n\t\t\t\t<div class=\"elementor-element elementor-element-00e593b elementor-widget elementor-widget-image\" data-id=\"00e593b\" data-element_type=\"widget\" data-e-type=\"widget\" data-widget_type=\"image.default\">\n\t\t\t\t<div class=\"elementor-widget-container\">\n\t\t\t\t\t\t\t\t\t\t\t\t\t\t\t<img fetchpriority=\"high\" decoding=\"async\" width=\"700\" height=\"860\" src=\"https:\/\/ashishvijay.com\/wp-content\/uploads\/2025\/04\/Mask-group-2.jpg\" class=\"attachment-large size-large wp-image-3556\" alt=\"\" srcset=\"https:\/\/ashishvijay.com\/wp-content\/uploads\/2025\/04\/Mask-group-2.jpg 700w, https:\/\/ashishvijay.com\/wp-content\/uploads\/2025\/04\/Mask-group-2-244x300.jpg 244w, https:\/\/ashishvijay.com\/wp-content\/uploads\/2025\/04\/Mask-group-2-10x12.jpg 10w, https:\/\/ashishvijay.com\/wp-content\/uploads\/2025\/04\/Mask-group-2-488x600.jpg 488w\" sizes=\"(max-width: 700px) 100vw, 700px\" \/>\t\t\t\t\t\t\t\t\t\t\t\t\t\t\t<\/div>\n\t\t\t\t<\/div>\n\t\t\t\t<div class=\"elementor-element elementor-element-e6e1944 elementor-widget elementor-widget-text-editor\" data-id=\"e6e1944\" data-element_type=\"widget\" data-e-type=\"widget\" data-widget_type=\"text-editor.default\">\n\t\t\t\t<div class=\"elementor-widget-container\">\n\t\t\t\t\t\t\t\t\t<h1 style=\"margin-bottom: 0px; font-family: 'SF-Pro';\">Ashish Vijay<\/h1>\n<h6 style=\"background-color: #fff6e9; padding: 3px 8px; border-radius: 20px; width: 200px; color: #ffa217; font-family: 'SF-Pro';\">Chairman and Founder<\/h6>\nAshish Vijay \u00e9 um investidor, filantropo, empres\u00e1rio e empres\u00e1rio baseado em Dubai, com d\u00e9cadas de experi\u00eancia nos setores de pedras preciosas e joias de luxo, finan\u00e7as e investimentos. O presidente e fundador da\u00a0<strong>House of Ashish Vijay<\/strong>,\u00a0under which falls a group of companies including\u00a0<strong>Gemas e joias Meraki<\/strong>,\u00a0<strong>Gemas da tiara<\/strong>, e\u00a0<strong>AV Global<\/strong>,\u00a0to name a few. He has recently been appointed director of the ICA Dubai Chapter.\t\t\t\t\t\t\t\t<\/div>\n\t\t\t\t<\/div>\n\t\t<div class=\"elementor-element elementor-element-8d0dddc e-con-full elementor-hidden-desktop e-flex e-con e-child\" data-id=\"8d0dddc\" data-element_type=\"container\" data-e-type=\"container\">\n\t\t\t\t<div class=\"elementor-element elementor-element-bdf0b10 elementor-hidden-desktop elementor-widget-divider--view-line elementor-widget elementor-widget-divider\" data-id=\"bdf0b10\" data-element_type=\"widget\" data-e-type=\"widget\" data-widget_type=\"divider.default\">\n\t\t\t\t<div class=\"elementor-widget-container\">\n\t\t\t\t\t\t\t<div class=\"elementor-divider\">\n\t\t\t<span class=\"elementor-divider-separator\">\n\t\t\t\t\t\t<\/span>\n\t\t<\/div>\n\t\t\t\t\t\t<\/div>\n\t\t\t\t<\/div>\n\t\t\t\t<\/div>\n\t\t\t\t<div class=\"elementor-element elementor-element-16b7662 elementor-widget elementor-widget-text-editor\" data-id=\"16b7662\" data-element_type=\"widget\" data-e-type=\"widget\" data-widget_type=\"text-editor.default\">\n\t\t\t\t<div class=\"elementor-widget-container\">\n\t\t\t\t\t\t\t\t\t<p>Ashish Vijay built on the legacy of his family\u2019s generational expertise in precious stones and used his acumen to turn his passion into a globally respected company at the cutting edge of sourcing quality stones, inspiring design creativity, and holding auctions that have generated tens of millions of dollars. As well as handling some of the world\u2019s most beautiful cut gemstones, Ashish Vijay also deals in the highly skilled area of sourcing and selecting unpolished stones, making his mark on an expanding international market.<\/p>\t\t\t\t\t\t\t\t<\/div>\n\t\t\t\t<\/div>\n\t\t\t\t<div class=\"elementor-element elementor-element-6e5c959 elementor-widget elementor-widget-image\" data-id=\"6e5c959\" data-element_type=\"widget\" data-e-type=\"widget\" data-widget_type=\"image.default\">\n\t\t\t\t<div class=\"elementor-widget-container\">\n\t\t\t\t\t\t\t\t\t\t\t\t\t\t\t<img decoding=\"async\" width=\"700\" height=\"860\" src=\"https:\/\/ashishvijay.com\/wp-content\/uploads\/2025\/04\/Mask-group-1.jpg\" class=\"attachment-large size-large wp-image-3557\" alt=\"\" srcset=\"https:\/\/ashishvijay.com\/wp-content\/uploads\/2025\/04\/Mask-group-1.jpg 700w, https:\/\/ashishvijay.com\/wp-content\/uploads\/2025\/04\/Mask-group-1-244x300.jpg 244w, https:\/\/ashishvijay.com\/wp-content\/uploads\/2025\/04\/Mask-group-1-10x12.jpg 10w, https:\/\/ashishvijay.com\/wp-content\/uploads\/2025\/04\/Mask-group-1-488x600.jpg 488w\" sizes=\"(max-width: 700px) 100vw, 700px\" \/>\t\t\t\t\t\t\t\t\t\t\t\t\t\t\t<\/div>\n\t\t\t\t<\/div>\n\t\t<div class=\"elementor-element elementor-element-19eb51a e-con-full e-flex e-con e-child\" data-id=\"19eb51a\" data-element_type=\"container\" data-e-type=\"container\">\n\t\t\t\t<div class=\"elementor-element elementor-element-a8c3197 elementor-hidden-desktop elementor-widget-divider--view-line elementor-widget elementor-widget-divider\" data-id=\"a8c3197\" data-element_type=\"widget\" data-e-type=\"widget\" data-widget_type=\"divider.default\">\n\t\t\t\t<div class=\"elementor-widget-container\">\n\t\t\t\t\t\t\t<div class=\"elementor-divider\">\n\t\t\t<span class=\"elementor-divider-separator\">\n\t\t\t\t\t\t<\/span>\n\t\t<\/div>\n\t\t\t\t\t\t<\/div>\n\t\t\t\t<\/div>\n\t\t\t\t<\/div>\n\t\t\t\t<\/div>\n\t\t\t\t<\/div>\n\t\t\t\t\t<\/div>\n\t\t\t\t<\/div>\n\t\t<div class=\"elementor-element elementor-element-b00e850 e-grid e-con-boxed e-con e-parent\" data-id=\"b00e850\" data-element_type=\"container\" data-e-type=\"container\" data-settings=\"{&quot;background_background&quot;:&quot;classic&quot;}\">\n\t\t\t\t\t<div class=\"e-con-inner\">\n\t\t\t\t<div class=\"elementor-element elementor-element-d5db4c5 elementor-widget elementor-widget-image\" data-id=\"d5db4c5\" data-element_type=\"widget\" data-e-type=\"widget\" data-widget_type=\"image.default\">\n\t\t\t\t<div class=\"elementor-widget-container\">\n\t\t\t\t\t\t\t\t\t\t\t\t\t\t\t<img decoding=\"async\" width=\"700\" height=\"860\" src=\"https:\/\/ashishvijay.com\/wp-content\/uploads\/2025\/04\/Mask-group.jpg\" class=\"attachment-large size-large wp-image-3558\" alt=\"\" srcset=\"https:\/\/ashishvijay.com\/wp-content\/uploads\/2025\/04\/Mask-group.jpg 700w, https:\/\/ashishvijay.com\/wp-content\/uploads\/2025\/04\/Mask-group-244x300.jpg 244w, https:\/\/ashishvijay.com\/wp-content\/uploads\/2025\/04\/Mask-group-10x12.jpg 10w, https:\/\/ashishvijay.com\/wp-content\/uploads\/2025\/04\/Mask-group-488x600.jpg 488w\" sizes=\"(max-width: 700px) 100vw, 700px\" \/>\t\t\t\t\t\t\t\t\t\t\t\t\t\t\t<\/div>\n\t\t\t\t<\/div>\n\t\t\t\t<div class=\"elementor-element elementor-element-4e0ff1b elementor-widget elementor-widget-text-editor\" data-id=\"4e0ff1b\" data-element_type=\"widget\" data-e-type=\"widget\" data-widget_type=\"text-editor.default\">\n\t\t\t\t<div class=\"elementor-widget-container\">\n\t\t\t\t\t\t\t\t\t<p font-family: 'roboto mono';\">Ashish Vijay is a respected leader in the luxury gemstone and investment sectors, and a sought-after speaker featured in Forbes, The Times of India, Business Insider, and more. He advocates for transparency, innovation, and strong relationship-building across industries.In 2016, Ashish founded Seiko Financial Services in Dubai to support businesses ranging from grassroots ventures to global startups \u2014 with a focus on empowering women-led enterprises. Through funding and mentorship, he helps shape the next generation of entrepreneurs. A devoted family man, Ashish\u2019s belief in women\u2019s empowerment and inclusive growth is at the core of his mission.\nPhilanthropy and purpose are central to his work, and his passion for gemstones is reflected in a rare private collection of diamonds, rubies, emeralds, sapphires, alexandrite, and more \u2014 carefully curated during his global travels. With a legacy built on excellence and heart, Ashish continues to inspire impact through business and beyond.<\/p>\t\t\t\t\t\t\t\t<\/div>\n\t\t\t\t<\/div>\n\t\t\t\t\t<\/div>\n\t\t\t\t<\/div>\n\t\t<div class=\"elementor-element elementor-element-da43a2e e-flex e-con-boxed e-con e-parent\" data-id=\"da43a2e\" data-element_type=\"container\" data-e-type=\"container\" data-settings=\"{&quot;background_background&quot;:&quot;classic&quot;}\">\n\t\t\t\t\t<div class=\"e-con-inner\">\n\t\t\t\t<div class=\"elementor-element elementor-element-4d4e0ff elementor-widget-divider--view-line elementor-widget elementor-widget-divider\" data-id=\"4d4e0ff\" data-element_type=\"widget\" data-e-type=\"widget\" data-widget_type=\"divider.default\">\n\t\t\t\t<div class=\"elementor-widget-container\">\n\t\t\t\t\t\t\t<div class=\"elementor-divider\">\n\t\t\t<span class=\"elementor-divider-separator\">\n\t\t\t\t\t\t<\/span>\n\t\t<\/div>\n\t\t\t\t\t\t<\/div>\n\t\t\t\t<\/div>\n\t\t<div class=\"elementor-element elementor-element-f25092b e-con-full e-flex e-con e-child\" data-id=\"f25092b\" data-element_type=\"container\" data-e-type=\"container\">\n\t\t\t\t<div class=\"elementor-element elementor-element-638a0ad elementor-widget elementor-widget-heading\" data-id=\"638a0ad\" data-element_type=\"widget\" data-e-type=\"widget\" data-widget_type=\"heading.default\">\n\t\t\t\t<div class=\"elementor-widget-container\">\n\t\t\t\t\t<h2 class=\"elementor-heading-title elementor-size-default\">Our Brands<\/h2>\t\t\t\t<\/div>\n\t\t\t\t<\/div>\n\t\t\t\t<\/div>\n\t\t\t\t\t<\/div>\n\t\t\t\t<\/div>\n\t\t<div class=\"elementor-element elementor-element-07037e7 e-flex e-con-boxed e-con e-parent\" data-id=\"07037e7\" data-element_type=\"container\" data-e-type=\"container\" data-settings=\"{&quot;background_background&quot;:&quot;classic&quot;}\">\n\t\t\t\t\t<div class=\"e-con-inner\">\n\t\t\t\t<div class=\"elementor-element elementor-element-b651e6c elementor-arrows-position-inside elementor-pagination-position-outside elementor-widget elementor-widget-image-carousel\" data-id=\"b651e6c\" data-element_type=\"widget\" data-e-type=\"widget\" data-settings=\"{&quot;slides_to_show&quot;:&quot;6&quot;,&quot;slides_to_show_mobile&quot;:&quot;2&quot;,&quot;navigation&quot;:&quot;both&quot;,&quot;autoplay&quot;:&quot;yes&quot;,&quot;pause_on_hover&quot;:&quot;yes&quot;,&quot;pause_on_interaction&quot;:&quot;yes&quot;,&quot;autoplay_speed&quot;:5000,&quot;infinite&quot;:&quot;yes&quot;,&quot;speed&quot;:500,&quot;image_spacing_custom&quot;:{&quot;unit&quot;:&quot;px&quot;,&quot;size&quot;:20,&quot;sizes&quot;:[]},&quot;image_spacing_custom_tablet&quot;:{&quot;unit&quot;:&quot;px&quot;,&quot;size&quot;:&quot;&quot;,&quot;sizes&quot;:[]},&quot;image_spacing_custom_mobile&quot;:{&quot;unit&quot;:&quot;px&quot;,&quot;size&quot;:&quot;&quot;,&quot;sizes&quot;:[]}}\" data-widget_type=\"image-carousel.default\">\n\t\t\t\t<div class=\"elementor-widget-container\">\n\t\t\t\t\t\t\t<div class=\"elementor-image-carousel-wrapper swiper\" role=\"region\" aria-roledescription=\"carousel\" aria-label=\"\u56fe\u50cf\u8f6e\u64ad\" dir=\"ltr\">\n\t\t\t<div class=\"elementor-image-carousel swiper-wrapper\" aria-live=\"off\">\n\t\t\t\t\t\t\t\t<div class=\"swiper-slide\" role=\"group\" aria-roledescription=\"slide\" aria-label=\"1 \/ 8\"><figure class=\"swiper-slide-inner\"><img decoding=\"async\" class=\"swiper-slide-image\" src=\"https:\/\/ashishvijay.com\/wp-content\/uploads\/2025\/05\/1.png\" alt=\"1\" \/><\/figure><\/div><div class=\"swiper-slide\" role=\"group\" aria-roledescription=\"slide\" aria-label=\"2 \/ 8\"><figure class=\"swiper-slide-inner\"><img decoding=\"async\" class=\"swiper-slide-image\" src=\"https:\/\/ashishvijay.com\/wp-content\/uploads\/2025\/05\/2.png\" alt=\"2\" \/><\/figure><\/div><div class=\"swiper-slide\" role=\"group\" aria-roledescription=\"slide\" aria-label=\"3 \/ 8\"><figure class=\"swiper-slide-inner\"><img decoding=\"async\" class=\"swiper-slide-image\" src=\"https:\/\/ashishvijay.com\/wp-content\/uploads\/2025\/05\/3.png\" alt=\"3\" \/><\/figure><\/div><div class=\"swiper-slide\" role=\"group\" aria-roledescription=\"slide\" aria-label=\"4 \/ 8\"><figure class=\"swiper-slide-inner\"><img decoding=\"async\" class=\"swiper-slide-image\" src=\"https:\/\/ashishvijay.com\/wp-content\/uploads\/2025\/05\/4.png\" alt=\"4\" \/><\/figure><\/div><div class=\"swiper-slide\" role=\"group\" aria-roledescription=\"slide\" aria-label=\"5 \/ 8\"><figure class=\"swiper-slide-inner\"><img decoding=\"async\" class=\"swiper-slide-image\" src=\"https:\/\/ashishvijay.com\/wp-content\/uploads\/2025\/05\/5.png\" alt=\"5\" \/><\/figure><\/div><div class=\"swiper-slide\" role=\"group\" aria-roledescription=\"slide\" aria-label=\"6 \/ 8\"><figure class=\"swiper-slide-inner\"><img decoding=\"async\" class=\"swiper-slide-image\" src=\"https:\/\/ashishvijay.com\/wp-content\/uploads\/2025\/05\/6.png\" alt=\"6\" \/><\/figure><\/div><div class=\"swiper-slide\" role=\"group\" aria-roledescription=\"slide\" aria-label=\"7 \/ 8\"><figure class=\"swiper-slide-inner\"><img decoding=\"async\" class=\"swiper-slide-image\" src=\"https:\/\/ashishvijay.com\/wp-content\/uploads\/2025\/05\/7.png\" alt=\"7\" \/><\/figure><\/div><div class=\"swiper-slide\" role=\"group\" aria-roledescription=\"slide\" aria-label=\"8 \/ 8\"><figure class=\"swiper-slide-inner\"><img decoding=\"async\" class=\"swiper-slide-image\" src=\"https:\/\/ashishvijay.com\/wp-content\/uploads\/2025\/05\/8.png\" alt=\"8\" \/><\/figure><\/div>\t\t\t<\/div>\n\t\t\t\t\t\t\t\t\t\t\t\t<div class=\"elementor-swiper-button elementor-swiper-button-prev\" role=\"button\" tabindex=\"0\">\n\t\t\t\t\t\t<svg aria-hidden=\"true\" class=\"e-font-icon-svg e-eicon-chevron-left\" viewbox=\"0 0 1000 1000\" xmlns=\"http:\/\/www.w3.org\/2000\/svg\"><path d=\"M646 125C629 125 613 133 604 142L308 442C296 454 292 471 292 487 292 504 296 521 308 533L604 854C617 867 629 875 646 875 663 875 679 871 692 858 704 846 713 829 713 812 713 796 708 779 692 767L438 487 692 225C700 217 708 204 708 187 708 171 704 154 692 142 675 129 663 125 646 125Z\"><\/path><\/svg>\t\t\t\t\t<\/div>\n\t\t\t\t\t<div class=\"elementor-swiper-button elementor-swiper-button-next\" role=\"button\" tabindex=\"0\">\n\t\t\t\t\t\t<svg aria-hidden=\"true\" class=\"e-font-icon-svg e-eicon-chevron-right\" viewbox=\"0 0 1000 1000\" xmlns=\"http:\/\/www.w3.org\/2000\/svg\"><path d=\"M696 533C708 521 713 504 713 487 713 471 708 454 696 446L400 146C388 133 375 125 354 125 338 125 325 129 313 142 300 154 292 171 292 187 292 204 296 221 308 233L563 492 304 771C292 783 288 800 288 817 288 833 296 850 308 863 321 871 338 875 354 875 371 875 388 867 400 854L696 533Z\"><\/path><\/svg>\t\t\t\t\t<\/div>\n\t\t\t\t\n\t\t\t\t\t\t\t\t\t<div class=\"swiper-pagination\"><\/div>\n\t\t\t\t\t\t\t\t\t<\/div>\n\t\t\t\t\t\t<\/div>\n\t\t\t\t<\/div>\n\t\t\t\t\t<\/div>\n\t\t\t\t<\/div>\n\t\t\t\t<\/div>","protected":false},"excerpt":{"rendered":"<p>About AV A trailblazer in luxury, Ashish Vijay turns generational expertise into a global empire of gemstones and investments Ashish Vijay Chairman and Founder Ashish Vijay is a Dubai-based investor, philanthropist, entrepreneur, and businessman with decades of experience in the precious gemstone and luxury jewellery industry, finance, and investment sectors. The chairman and founder of [&hellip;]<\/p>\n","protected":false},"author":1,"featured_media":0,"parent":0,"menu_order":0,"comment_status":"closed","ping_status":"closed","template":"","meta":{"two_page_speed":[],"footnotes":""},"class_list":["post-94","page","type-page","status-publish","hentry"],"yoast_head":"<!-- This site is optimized with the Yoast SEO Premium plugin v23.2 (Yoast SEO v27.5) - https:\/\/yoast.com\/product\/yoast-seo-premium-wordpress\/ -->\n<title>Ashish Vijay: Luxury Jewellery for Investors in Dubai<\/title>\n<meta name=\"description\" content=\"Learn about Ashish Vijay, a visionary entrepreneur transforming luxury jewellery investment in Dubai with innovation and expertise.\" \/>\n<meta name=\"robots\" content=\"index, follow, max-snippet:-1, max-image-preview:large, max-video-preview:-1\" \/>\n<link rel=\"canonical\" href=\"https:\/\/ashishvijay.com\/pt\/about-ashish-vijay\/\" \/>\n<meta property=\"og:locale\" content=\"pt_BR\" \/>\n<meta property=\"og:type\" content=\"article\" \/>\n<meta property=\"og:title\" content=\"About - Ashish Vijay\" \/>\n<meta property=\"og:description\" content=\"Ashish Vijay is a Dubai-based investor, philanthropist, entrepreneur, and businessman. Click to know more about him.\" \/>\n<meta property=\"og:url\" content=\"https:\/\/ashishvijay.com\/pt\/about-ashish-vijay\/\" \/>\n<meta property=\"article:modified_time\" content=\"2026-03-24T11:20:55+00:00\" \/>\n<meta property=\"og:image\" content=\"https:\/\/ashishvijay.com\/wp-content\/uploads\/2024\/01\/AshishVijay-Website-logo.jpg\" \/>\n\t<meta property=\"og:image:width\" content=\"1920\" \/>\n\t<meta property=\"og:image:height\" content=\"1785\" \/>\n\t<meta property=\"og:image:type\" content=\"image\/jpeg\" \/>\n<meta name=\"twitter:card\" content=\"summary_large_image\" \/>\n<meta name=\"twitter:title\" content=\"About - Ashish Vijay\" \/>\n<meta name=\"twitter:description\" content=\"Ashish Vijay is a Dubai-based investor, philanthropist, entrepreneur, and businessman. Click to know more about him.\" \/>\n<meta name=\"twitter:image\" content=\"https:\/\/ashishvijay.com\/wp-content\/uploads\/2024\/01\/AshishVijay-Website-logo.jpg\" \/>\n<meta name=\"twitter:label1\" content=\"Est. tempo de leitura\" \/>\n\t<meta name=\"twitter:data1\" content=\"7 minutos\" \/>\n<!-- \/ Yoast SEO Premium plugin. -->","yoast_head_json":{"title":"Ashish Vijay: Luxury Jewellery for Investors in Dubai","description":"Learn about Ashish Vijay, a visionary entrepreneur transforming luxury jewellery investment in Dubai with innovation and expertise.","robots":{"index":"index","follow":"follow","max-snippet":"max-snippet:-1","max-image-preview":"max-image-preview:large","max-video-preview":"max-video-preview:-1"},"canonical":"https:\/\/ashishvijay.com\/pt\/about-ashish-vijay\/","og_locale":"pt_BR","og_type":"article","og_title":"About - Ashish Vijay","og_description":"Ashish Vijay is a Dubai-based investor, philanthropist, entrepreneur, and businessman. Click to know more about him.","og_url":"https:\/\/ashishvijay.com\/pt\/about-ashish-vijay\/","article_modified_time":"2026-03-24T11:20:55+00:00","og_image":[{"width":1920,"height":1785,"url":"https:\/\/ashishvijay.com\/wp-content\/uploads\/2024\/01\/AshishVijay-Website-logo.jpg","type":"image\/jpeg"}],"twitter_card":"summary_large_image","twitter_title":"About - Ashish Vijay","twitter_description":"Ashish Vijay is a Dubai-based investor, philanthropist, entrepreneur, and businessman. Click to know more about him.","twitter_image":"https:\/\/ashishvijay.com\/wp-content\/uploads\/2024\/01\/AshishVijay-Website-logo.jpg","twitter_misc":{"Est. tempo de leitura":"7 minutos"},"schema":{"@context":"https:\/\/schema.org","@graph":[{"@type":"WebPage","@id":"https:\/\/ashishvijay.com\/about-ashish-vijay\/","url":"https:\/\/ashishvijay.com\/about-ashish-vijay\/","name":"Ashish Vijay: Luxury Jewellery for Investors in Dubai","isPartOf":{"@id":"https:\/\/ashishvijay.com\/#website"},"primaryImageOfPage":{"@id":"https:\/\/ashishvijay.com\/about-ashish-vijay\/#primaryimage"},"image":{"@id":"https:\/\/ashishvijay.com\/about-ashish-vijay\/#primaryimage"},"thumbnailUrl":"https:\/\/ashishvijay.com\/wp-content\/uploads\/2025\/04\/Mask-group-2.jpg","datePublished":"2024-01-22T21:08:28+00:00","dateModified":"2026-03-24T11:20:55+00:00","description":"Learn about Ashish Vijay, a visionary entrepreneur transforming luxury jewellery investment in Dubai with innovation and expertise.","breadcrumb":{"@id":"https:\/\/ashishvijay.com\/about-ashish-vijay\/#breadcrumb"},"inLanguage":"pt-BR","potentialAction":[{"@type":"ReadAction","target":["https:\/\/ashishvijay.com\/about-ashish-vijay\/"]}]},{"@type":"ImageObject","inLanguage":"pt-BR","@id":"https:\/\/ashishvijay.com\/about-ashish-vijay\/#primaryimage","url":"https:\/\/ashishvijay.com\/wp-content\/uploads\/2025\/04\/Mask-group-2.jpg","contentUrl":"https:\/\/ashishvijay.com\/wp-content\/uploads\/2025\/04\/Mask-group-2.jpg"},{"@type":"BreadcrumbList","@id":"https:\/\/ashishvijay.com\/about-ashish-vijay\/#breadcrumb","itemListElement":[{"@type":"ListItem","position":1,"name":"Home","item":"https:\/\/ashishvijay.com\/"},{"@type":"ListItem","position":2,"name":"About Ashish Vijay"}]},{"@type":"WebSite","@id":"https:\/\/ashishvijay.com\/#website","url":"https:\/\/ashishvijay.com\/","name":"","description":"","potentialAction":[{"@type":"SearchAction","target":{"@type":"EntryPoint","urlTemplate":"https:\/\/ashishvijay.com\/?s={search_term_string}"},"query-input":{"@type":"PropertyValueSpecification","valueRequired":true,"valueName":"search_term_string"}}],"inLanguage":"pt-BR"}]}},"_links":{"self":[{"href":"https:\/\/ashishvijay.com\/pt\/wp-json\/wp\/v2\/pages\/94","targetHints":{"allow":["GET"]}}],"collection":[{"href":"https:\/\/ashishvijay.com\/pt\/wp-json\/wp\/v2\/pages"}],"about":[{"href":"https:\/\/ashishvijay.com\/pt\/wp-json\/wp\/v2\/types\/page"}],"author":[{"embeddable":true,"href":"https:\/\/ashishvijay.com\/pt\/wp-json\/wp\/v2\/users\/1"}],"replies":[{"embeddable":true,"href":"https:\/\/ashishvijay.com\/pt\/wp-json\/wp\/v2\/comments?post=94"}],"version-history":[{"count":446,"href":"https:\/\/ashishvijay.com\/pt\/wp-json\/wp\/v2\/pages\/94\/revisions"}],"predecessor-version":[{"id":5426,"href":"https:\/\/ashishvijay.com\/pt\/wp-json\/wp\/v2\/pages\/94\/revisions\/5426"}],"wp:attachment":[{"href":"https:\/\/ashishvijay.com\/pt\/wp-json\/wp\/v2\/media?parent=94"}],"curies":[{"name":"wp","href":"https:\/\/api.w.org\/{rel}","templated":true}]}}